{"id":37,"date":"2022-02-02T10:44:49","date_gmt":"2022-02-02T09:44:49","guid":{"rendered":"https:\/\/2022.kyma-sea.org\/?page_id=37"},"modified":"2022-05-07T18:04:45","modified_gmt":"2022-05-07T16:04:45","slug":"projects","status":"publish","type":"page","link":"https:\/\/kyma-sea.org\/en\/projects\/","title":{"rendered":"Projects"},"content":{"rendered":"<p>[et_pb_section fb_built=&#8221;1&#8243; admin_label=&#8221;\u00dcbersichtsseite&#8221; _builder_version=&#8221;4.16&#8243; custom_padding=&#8221;80px|0px|80px|0px|true|false&#8221; collapsed=&#8221;off&#8221; global_colors_info=&#8221;{}&#8221;][et_pb_row _builder_version=&#8221;4.16&#8243; global_colors_info=&#8221;{}&#8221;][et_pb_column type=&#8221;4_4&#8243; _builder_version=&#8221;4.16&#8243; custom_padding=&#8221;|||&#8221; global_colors_info=&#8221;{}&#8221; custom_padding__hover=&#8221;|||&#8221;][et_pb_text admin_label=&#8221;Titel H1&#8243; _builder_version=&#8221;4.17.1&#8243; _module_preset=&#8221;default&#8221; custom_padding=&#8221;||0px|||&#8221; global_colors_info=&#8221;{}&#8221;]<\/p>\n<h1>Projects<\/h1>\n<p>[\/et_pb_text][et_pb_text _builder_version=&#8221;4.17.1&#8243; _module_preset=&#8221;default&#8221; global_colors_info=&#8221;{}&#8221;]<\/p>\n<p><strong>KYMA is working on various levels to protect the oceans. <\/strong><br \/><strong>Learn more about our projects.<\/strong><\/p>\n<p>[\/et_pb_text][\/et_pb_column][\/et_pb_row][et_pb_row column_structure=&#8221;1_3,1_3,1_3&#8243; use_custom_gutter=&#8221;on&#8221; gutter_width=&#8221;2&#8243; make_equal=&#8221;on&#8221; _builder_version=&#8221;4.16&#8243; global_colors_info=&#8221;{}&#8221;][et_pb_column type=&#8221;1_3&#8243; _builder_version=&#8221;4.16&#8243; background_color_gradient_start=&#8221;rgba(43,135,218,0)&#8221; background_color_gradient_end=&#8221;#ffffff&#8221; custom_padding=&#8221;|||&#8221; global_colors_info=&#8221;{}&#8221; custom_padding__hover=&#8221;|||&#8221;][et_pb_image src=&#8221;https:\/\/kyma-sea.org\/wp-content\/uploads\/sites\/2\/2022\/04\/Forschungsexpeditionen_Uebersicht.jpg&#8221; title_text=&#8221;Forschungsexpeditionen_\u00dcbersicht&#8221; admin_label=&#8221;Forschungsexpeditionen&#8221; _builder_version=&#8221;4.16&#8243; border_radii=&#8221;on|10px|10px|10px|10px&#8221; global_colors_info=&#8221;{}&#8221;][\/et_pb_image][et_pb_button button_url=&#8221;@ET-DC@eyJkeW5hbWljIjp0cnVlLCJjb250ZW50IjoicG9zdF9saW5rX3VybF9wYWdlIiwic2V0dGluZ3MiOnsicG9zdF9pZCI6IjY5In19@&#8221; button_text=&#8221;KYMA expeditions&#8221; button_alignment=&#8221;center&#8221; admin_label=&#8221;\u00dcbersichtsbutton&#8221; _builder_version=&#8221;4.17.1&#8243; _dynamic_attributes=&#8221;button_url&#8221; _module_preset=&#8221;default&#8221; custom_button=&#8221;on&#8221; button_text_size=&#8221;18px&#8221; button_bg_color=&#8221;#09428F&#8221; button_font=&#8221;|600|||||||&#8221; button_use_icon=&#8221;off&#8221; transform_scale_linked=&#8221;off&#8221; custom_margin=&#8221;-50px||||false|false&#8221; custom_padding=&#8221;10px|20px|10px|20px|true|true&#8221; global_colors_info=&#8221;{}&#8221;][\/et_pb_button][\/et_pb_column][et_pb_column type=&#8221;1_3&#8243; _builder_version=&#8221;4.16&#8243; background_color_gradient_start=&#8221;rgba(43,135,218,0)&#8221; background_color_gradient_end=&#8221;#ffffff&#8221; custom_padding=&#8221;|||&#8221; global_colors_info=&#8221;{}&#8221; custom_padding__hover=&#8221;|||&#8221;][et_pb_image src=&#8221;https:\/\/kyma-sea.org\/wp-content\/uploads\/sites\/2\/2022\/04\/PuasefuerdieMeere_Uebersicht.jpg&#8221; title_text=&#8221;Puasef\u00fcrdieMeere_\u00dcbersicht&#8221; admin_label=&#8221;Pause f\u00fcr die Meere&#8221; _builder_version=&#8221;4.16&#8243; border_radii=&#8221;on|10px|10px|10px|10px&#8221; global_colors_info=&#8221;{}&#8221;][\/et_pb_image][et_pb_button button_url=&#8221;@ET-DC@eyJkeW5hbWljIjp0cnVlLCJjb250ZW50IjoicG9zdF9saW5rX3VybF9wYWdlIiwic2V0dGluZ3MiOnsicG9zdF9pZCI6IjcxIn19@&#8221; button_text=&#8221;Break for the seas&#8221; button_alignment=&#8221;center&#8221; admin_label=&#8221;\u00dcbersichtsbutton&#8221; _builder_version=&#8221;4.17.1&#8243; _dynamic_attributes=&#8221;button_url&#8221; _module_preset=&#8221;default&#8221; custom_button=&#8221;on&#8221; button_text_size=&#8221;18px&#8221; button_bg_color=&#8221;#09428F&#8221; button_font=&#8221;|600|||||||&#8221; button_use_icon=&#8221;off&#8221; transform_scale_linked=&#8221;off&#8221; custom_margin=&#8221;-50px||||false|false&#8221; custom_padding=&#8221;10px|20px|10px|20px|true|true&#8221; global_colors_info=&#8221;{}&#8221;][\/et_pb_button][et_pb_image src=&#8221;https:\/\/kyma-sea.org\/wp-content\/uploads\/sites\/2\/2022\/02\/1-2.png&#8221; admin_label=&#8221;Mikroplastik&#8221; _builder_version=&#8221;4.17.1&#8243; hover_enabled=&#8221;0&#8243; border_radii=&#8221;on|10px|10px|10px|10px&#8221; global_colors_info=&#8221;{}&#8221; disabled_on=&#8221;on|on|on&#8221; disabled=&#8221;on&#8221; sticky_enabled=&#8221;0&#8243;][\/et_pb_image][et_pb_button button_text=&#8221;Stop microplastic&#8221; button_alignment=&#8221;center&#8221; admin_label=&#8221;\u00dcbersichtsbutton&#8221; _builder_version=&#8221;4.17.1&#8243; _module_preset=&#8221;default&#8221; custom_button=&#8221;on&#8221; button_text_size=&#8221;18px&#8221; button_bg_color=&#8221;#09428F&#8221; button_font=&#8221;|600|||||||&#8221; button_use_icon=&#8221;off&#8221; transform_scale_linked=&#8221;off&#8221; custom_margin=&#8221;-50px||||false|false&#8221; custom_padding=&#8221;10px|20px|10px|20px|true|true&#8221; hover_enabled=&#8221;0&#8243; global_colors_info=&#8221;{}&#8221; disabled_on=&#8221;on|on|on&#8221; disabled=&#8221;on&#8221; sticky_enabled=&#8221;0&#8243;][\/et_pb_button][\/et_pb_column][et_pb_column type=&#8221;1_3&#8243; _builder_version=&#8221;4.16&#8243; background_color_gradient_start=&#8221;rgba(43,135,218,0)&#8221; background_color_gradient_end=&#8221;#ffffff&#8221; custom_padding=&#8221;|||&#8221; global_colors_info=&#8221;{}&#8221; custom_padding__hover=&#8221;|||&#8221;][et_pb_image src=&#8221;https:\/\/kyma-sea.org\/wp-content\/uploads\/sites\/2\/2022\/04\/Kooperationsprojekte_Uebersicht.jpg&#8221; title_text=&#8221;Kooperationsprojekte_\u00dcbersicht&#8221; admin_label=&#8221;Kooperationsprojekte&#8221; _builder_version=&#8221;4.16&#8243; border_radii=&#8221;on|10px|10px|10px|10px&#8221; global_colors_info=&#8221;{}&#8221;][\/et_pb_image][et_pb_button button_url=&#8221;@ET-DC@eyJkeW5hbWljIjp0cnVlLCJjb250ZW50IjoicG9zdF9saW5rX3VybF9wYWdlIiwic2V0dGluZ3MiOnsicG9zdF9pZCI6Ijc1In19@&#8221; button_text=&#8221;Cooperations&#8221; button_alignment=&#8221;center&#8221; admin_label=&#8221;\u00dcbersichtsbutton&#8221; _builder_version=&#8221;4.17.1&#8243; _dynamic_attributes=&#8221;button_url&#8221; _module_preset=&#8221;default&#8221; custom_button=&#8221;on&#8221; button_text_size=&#8221;18px&#8221; button_bg_color=&#8221;#09428F&#8221; button_font=&#8221;|600|||||||&#8221; button_use_icon=&#8221;off&#8221; transform_scale_linked=&#8221;off&#8221; custom_margin=&#8221;-50px||||false|false&#8221; custom_padding=&#8221;10px|20px|10px|20px|true|true&#8221; global_colors_info=&#8221;{}&#8221;][\/et_pb_button][\/et_pb_column][\/et_pb_row][\/et_pb_section]<\/p>\n","protected":false},"excerpt":{"rendered":"<p>ProjectsKYMA is working on various levels to protect the oceans. Learn more about our projects.<\/p>\n","protected":false},"author":1,"featured_media":0,"parent":0,"menu_order":0,"comment_status":"closed","ping_status":"closed","template":"","meta":{"_et_pb_use_builder":"on","_et_pb_old_content":"","_et_gb_content_width":"","editor_notices":[],"footnotes":""},"class_list":["post-37","page","type-page","status-publish","hentry"],"yoast_head":"<!-- This site is optimized with the Yoast SEO plugin v27.3 - https:\/\/yoast.com\/product\/yoast-seo-wordpress\/ -->\n<title>~ Projects in &amp; from Switzerland for the oceans | KYMA ~<\/title>\n<meta name=\"description\" content=\"Research, education, information: KYMA is working on many levels to protect the oceans. Learn more about our projects.\" \/>\n<meta name=\"robots\" content=\"index, follow, max-snippet:-1, max-image-preview:large, max-video-preview:-1\" \/>\n<link rel=\"canonical\" href=\"https:\/\/kyma-sea.org\/en\/projects\/\" \/>\n<meta property=\"og:locale\" content=\"en_US\" \/>\n<meta property=\"og:type\" content=\"article\" \/>\n<meta property=\"og:title\" content=\"~ Projects in &amp; from Switzerland for the oceans | KYMA ~\" \/>\n<meta property=\"og:description\" content=\"Research, education, information: KYMA is working on many levels to protect the oceans. Learn more about our projects.\" \/>\n<meta property=\"og:url\" content=\"https:\/\/kyma-sea.org\/en\/projects\/\" \/>\n<meta property=\"og:site_name\" content=\"KYMA\" \/>\n<meta property=\"article:modified_time\" content=\"2022-05-07T16:04:45+00:00\" \/>\n<meta name=\"twitter:card\" content=\"summary_large_image\" \/>\n<meta name=\"twitter:label1\" content=\"Est. reading time\" \/>\n\t<meta name=\"twitter:data1\" content=\"3 minutes\" \/>\n<script type=\"application\/ld+json\" class=\"yoast-schema-graph\">{\"@context\":\"https:\\\/\\\/schema.org\",\"@graph\":[{\"@type\":\"WebPage\",\"@id\":\"https:\\\/\\\/kyma-sea.org\\\/en\\\/projects\\\/\",\"url\":\"https:\\\/\\\/kyma-sea.org\\\/en\\\/projects\\\/\",\"name\":\"~ Projects in & from Switzerland for the oceans | KYMA ~\",\"isPartOf\":{\"@id\":\"https:\\\/\\\/kyma-sea.org\\\/en\\\/#website\"},\"datePublished\":\"2022-02-02T09:44:49+00:00\",\"dateModified\":\"2022-05-07T16:04:45+00:00\",\"description\":\"Research, education, information: KYMA is working on many levels to protect the oceans. Learn more about our projects.\",\"breadcrumb\":{\"@id\":\"https:\\\/\\\/kyma-sea.org\\\/en\\\/projects\\\/#breadcrumb\"},\"inLanguage\":\"en-US\",\"potentialAction\":[{\"@type\":\"ReadAction\",\"target\":[\"https:\\\/\\\/kyma-sea.org\\\/en\\\/projects\\\/\"]}]},{\"@type\":\"BreadcrumbList\",\"@id\":\"https:\\\/\\\/kyma-sea.org\\\/en\\\/projects\\\/#breadcrumb\",\"itemListElement\":[{\"@type\":\"ListItem\",\"position\":1,\"name\":\"Home\",\"item\":\"https:\\\/\\\/kyma-sea.org\\\/en\\\/\"},{\"@type\":\"ListItem\",\"position\":2,\"name\":\"Projects\"}]},{\"@type\":\"WebSite\",\"@id\":\"https:\\\/\\\/kyma-sea.org\\\/en\\\/#website\",\"url\":\"https:\\\/\\\/kyma-sea.org\\\/en\\\/\",\"name\":\"KYMA\",\"description\":\"Testumgebung\",\"potentialAction\":[{\"@type\":\"SearchAction\",\"target\":{\"@type\":\"EntryPoint\",\"urlTemplate\":\"https:\\\/\\\/kyma-sea.org\\\/en\\\/?s={search_term_string}\"},\"query-input\":{\"@type\":\"PropertyValueSpecification\",\"valueRequired\":true,\"valueName\":\"search_term_string\"}}],\"inLanguage\":\"en-US\"}]}<\/script>\n<!-- \/ Yoast SEO plugin. -->","yoast_head_json":{"title":"~ Projects in & from Switzerland for the oceans | KYMA ~","description":"Research, education, information: KYMA is working on many levels to protect the oceans. Learn more about our projects.","robots":{"index":"index","follow":"follow","max-snippet":"max-snippet:-1","max-image-preview":"max-image-preview:large","max-video-preview":"max-video-preview:-1"},"canonical":"https:\/\/kyma-sea.org\/en\/projects\/","og_locale":"en_US","og_type":"article","og_title":"~ Projects in & from Switzerland for the oceans | KYMA ~","og_description":"Research, education, information: KYMA is working on many levels to protect the oceans. Learn more about our projects.","og_url":"https:\/\/kyma-sea.org\/en\/projects\/","og_site_name":"KYMA","article_modified_time":"2022-05-07T16:04:45+00:00","twitter_card":"summary_large_image","twitter_misc":{"Est. reading time":"3 minutes"},"schema":{"@context":"https:\/\/schema.org","@graph":[{"@type":"WebPage","@id":"https:\/\/kyma-sea.org\/en\/projects\/","url":"https:\/\/kyma-sea.org\/en\/projects\/","name":"~ Projects in & from Switzerland for the oceans | KYMA ~","isPartOf":{"@id":"https:\/\/kyma-sea.org\/en\/#website"},"datePublished":"2022-02-02T09:44:49+00:00","dateModified":"2022-05-07T16:04:45+00:00","description":"Research, education, information: KYMA is working on many levels to protect the oceans. Learn more about our projects.","breadcrumb":{"@id":"https:\/\/kyma-sea.org\/en\/projects\/#breadcrumb"},"inLanguage":"en-US","potentialAction":[{"@type":"ReadAction","target":["https:\/\/kyma-sea.org\/en\/projects\/"]}]},{"@type":"BreadcrumbList","@id":"https:\/\/kyma-sea.org\/en\/projects\/#breadcrumb","itemListElement":[{"@type":"ListItem","position":1,"name":"Home","item":"https:\/\/kyma-sea.org\/en\/"},{"@type":"ListItem","position":2,"name":"Projects"}]},{"@type":"WebSite","@id":"https:\/\/kyma-sea.org\/en\/#website","url":"https:\/\/kyma-sea.org\/en\/","name":"KYMA","description":"Testumgebung","potentialAction":[{"@type":"SearchAction","target":{"@type":"EntryPoint","urlTemplate":"https:\/\/kyma-sea.org\/en\/?s={search_term_string}"},"query-input":{"@type":"PropertyValueSpecification","valueRequired":true,"valueName":"search_term_string"}}],"inLanguage":"en-US"}]}},"_links":{"self":[{"href":"https:\/\/kyma-sea.org\/en\/wp-json\/wp\/v2\/pages\/37","targetHints":{"allow":["GET"]}}],"collection":[{"href":"https:\/\/kyma-sea.org\/en\/wp-json\/wp\/v2\/pages"}],"about":[{"href":"https:\/\/kyma-sea.org\/en\/wp-json\/wp\/v2\/types\/page"}],"author":[{"embeddable":true,"href":"https:\/\/kyma-sea.org\/en\/wp-json\/wp\/v2\/users\/1"}],"replies":[{"embeddable":true,"href":"https:\/\/kyma-sea.org\/en\/wp-json\/wp\/v2\/comments?post=37"}],"version-history":[{"count":15,"href":"https:\/\/kyma-sea.org\/en\/wp-json\/wp\/v2\/pages\/37\/revisions"}],"predecessor-version":[{"id":52358,"href":"https:\/\/kyma-sea.org\/en\/wp-json\/wp\/v2\/pages\/37\/revisions\/52358"}],"wp:attachment":[{"href":"https:\/\/kyma-sea.org\/en\/wp-json\/wp\/v2\/media?parent=37"}],"curies":[{"name":"wp","href":"https:\/\/api.w.org\/{rel}","templated":true}]}}